{"id":11,"date":"2022-10-13T11:57:13","date_gmt":"2022-10-13T11:57:13","guid":{"rendered":"https:\/\/estudiospropios.zeus.umh.es\/presentacion\/"},"modified":"2023-06-05T12:52:53","modified_gmt":"2023-06-05T10:52:53","slug":"presentacion","status":"publish","type":"page","link":"https:\/\/formacionpermanente.umh.es\/ca\/presentacion\/","title":{"rendered":"Presentaci\u00f3"},"content":{"rendered":"<p>Les universitats fent \u00fas de la seua autonomia podran impartir altres ensenyaments conduents a l&#8217;obtenci\u00f3 d&#8217;altres t\u00edtols diferents als t\u00edtols universitaris oficials que seran definits com a t\u00edtols propis.<\/p>\n<p><a href=\"https:\/\/estudios.umh.es\/files\/2014\/05\/rectorado-internacional.jpg\"><img loading=\"lazy\" class=\"alignright wp-image-683 size-medium\" src=\"https:\/\/estudios.umh.es\/files\/2014\/05\/rectorado-internacional-300x111.jpg\" alt=\"Foto del edificio de Rectorado y Consejo Social\" width=\"300\" height=\"111\" \/><\/a>El Servei de Gesti\u00f3 d&#8217;Estudis de la Universitat Miguel Hern\u00e1ndez d&#8217;Elx \u00e9s l&#8217;encarregat de la coordinaci\u00f3 i gesti\u00f3 administrativa dels estudis que s&#8217;imparteixen en la universitat. Dins d&#8217;aquesta oferta acad\u00e8mica a m\u00e9s dels estudis universitaris oficials trobem els ensenyaments de Formaci\u00f3 Permanent; la finalitat del qual \u00e9s enfortir la formaci\u00f3 dels ciutadans i ciutadanes al llarg de la vida, actualitzant i ampliant els seus coneixements, les seues capacitats i les seues habilitats generals, espec\u00edfiques o multidisciplin\u00e0ries dels diversos camps del saber.<\/p>","protected":false},"excerpt":{"rendered":"<p>P\u00e1gina de presentaci\u00f3n de la unidad organizativa<\/p>\n","protected":false},"author":1,"featured_media":0,"parent":0,"menu_order":0,"comment_status":"closed","ping_status":"open","template":"","meta":{"_links_to":"","_links_to_target":""},"_links":{"self":[{"href":"https:\/\/formacionpermanente.umh.es\/ca\/wp-json\/wp\/v2\/pages\/11"}],"collection":[{"href":"https:\/\/formacionpermanente.umh.es\/ca\/wp-json\/wp\/v2\/pages"}],"about":[{"href":"https:\/\/formacionpermanente.umh.es\/ca\/wp-json\/wp\/v2\/types\/page"}],"author":[{"embeddable":true,"href":"https:\/\/formacionpermanente.umh.es\/ca\/wp-json\/wp\/v2\/users\/1"}],"replies":[{"embeddable":true,"href":"https:\/\/formacionpermanente.umh.es\/ca\/wp-json\/wp\/v2\/comments?post=11"}],"version-history":[{"count":0,"href":"https:\/\/formacionpermanente.umh.es\/ca\/wp-json\/wp\/v2\/pages\/11\/revisions"}],"wp:attachment":[{"href":"https:\/\/formacionpermanente.umh.es\/ca\/wp-json\/wp\/v2\/media?parent=11"}],"curies":[{"name":"wp","href":"https:\/\/api.w.org\/{rel}","templated":true}]}}