{"id":1825,"date":"2025-06-12T15:12:40","date_gmt":"2025-06-12T13:12:40","guid":{"rendered":"https:\/\/formacionpermanente.umh.es\/?page_id=1825"},"modified":"2026-04-01T12:07:32","modified_gmt":"2026-04-01T10:07:32","slug":"intrucciones-sobre-la-gestion-economica-de-los-pagos-del-plan-microcreds","status":"publish","type":"page","link":"https:\/\/formacionpermanente.umh.es\/ca\/plan-microcreds\/gestion-economica-plan-microcreds\/intrucciones-sobre-la-gestion-economica-de-los-pagos-del-plan-microcreds\/","title":{"rendered":"<span lang=\"es\">(Espa\u00f1ol) Intrucciones sobre la gesti\u00f3n econ\u00f3mica de los pagos del Plan Microcreds<\/span>"},"content":{"rendered":"<p class=\"qtranxs-available-languages-message qtranxs-available-languages-message-ca\">Ho sentim, aquesta entrada es troba disponible \u00fanicament en <a href=\"https:\/\/formacionpermanente.umh.es\/es\/wp-json\/wp\/v2\/pages\/1825\" class=\"qtranxs-available-language-link qtranxs-available-language-link-es\" title=\"Espa\u00f1ol\">Espanyol Europeu<\/a>.<\/p>","protected":false},"excerpt":{"rendered":"<p>Ho sentim, aquesta entrada es troba disponible \u00fanicament en Espanyol Europeu.<\/p>\n","protected":false},"author":21955,"featured_media":0,"parent":1751,"menu_order":0,"comment_status":"closed","ping_status":"closed","template":"","meta":{"_links_to":"","_links_to_target":""},"_links":{"self":[{"href":"https:\/\/formacionpermanente.umh.es\/ca\/wp-json\/wp\/v2\/pages\/1825"}],"collection":[{"href":"https:\/\/formacionpermanente.umh.es\/ca\/wp-json\/wp\/v2\/pages"}],"about":[{"href":"https:\/\/formacionpermanente.umh.es\/ca\/wp-json\/wp\/v2\/types\/page"}],"author":[{"embeddable":true,"href":"https:\/\/formacionpermanente.umh.es\/ca\/wp-json\/wp\/v2\/users\/21955"}],"replies":[{"embeddable":true,"href":"https:\/\/formacionpermanente.umh.es\/ca\/wp-json\/wp\/v2\/comments?post=1825"}],"version-history":[{"count":0,"href":"https:\/\/formacionpermanente.umh.es\/ca\/wp-json\/wp\/v2\/pages\/1825\/revisions"}],"up":[{"embeddable":true,"href":"https:\/\/formacionpermanente.umh.es\/ca\/wp-json\/wp\/v2\/pages\/1751"}],"wp:attachment":[{"href":"https:\/\/formacionpermanente.umh.es\/ca\/wp-json\/wp\/v2\/media?parent=1825"}],"curies":[{"name":"wp","href":"https:\/\/api.w.org\/{rel}","templated":true}]}}