{"id":1870,"date":"2025-09-19T12:31:58","date_gmt":"2025-09-19T10:31:58","guid":{"rendered":"https:\/\/formacionpermanente.umh.es\/?page_id=1870"},"modified":"2026-03-30T12:12:55","modified_gmt":"2026-03-30T10:12:55","slug":"credencial-europass","status":"publish","type":"page","link":"https:\/\/formacionpermanente.umh.es\/ca\/credencial-europass\/","title":{"rendered":"Credencial Europass"},"content":{"rendered":"<p>L&#8217;estudiantat que haja obtingut la qualificaci\u00f3 d&#8217;Apte\/Apta despr\u00e9s de finalitzar la microcredencial universit\u00e0ria, rebr\u00e0 un correu electr\u00f2nic per a afegir la credencial al seu perfil de Europass.<\/p>\n<p>Per a incorporar la credencial, haur\u00e0 de seguir els passos seg\u00fcents:<\/p>\n<ul>\n<li>Accedir al seu perfil en Europass i entrar a la secci\u00f3 \u201cLa meua Biblioteca\u201d, seleccionar l&#8217;opci\u00f3 \u201cCertificats i t\u00edtols\u201d i polsar el bot\u00f3 \u201cCarregar\u201d.<\/li>\n<li>Seleccionar el fitxer de la credencial segellada digitalment amb extensi\u00f3 &#8220;jsonld&#8221; i polsar \u201cCarregar\u201d. La credencial apareixer\u00e0 en la secci\u00f3 \u201cCertificats i t\u00edtols\u201d.<\/li>\n<\/ul>\n<p>Si la credencial ha sigut correctament afegida, rebr\u00e0 un correu confirmant que ja est\u00e0 disponible en el seu perfil Europass.<\/p>\n<p>Si no disposa de perfil en Europass, \u00e9s necessari crear-ho en <a href=\"https:\/\/europass.europa.eu\/es\">https:\/\/europass.europa.eu\/es<\/a><\/p>","protected":false},"excerpt":{"rendered":"<p>L&#8217;estudiantat que haja obtingut la qualificaci\u00f3 d&#8217;Apte\/Apta despr\u00e9s de finalitzar la microcredencial universit\u00e0ria, rebr\u00e0 un correu electr\u00f2nic per a afegir la credencial al seu perfil de Europass.<br \/>\nPer a incorporar la credencial, haur\u00e0 de seguir els passos seg\u00fcents:<\/p>\n<p>Accedir al seu perfil en Europass i entrar a la secci\u00f3 \u201cLa meua Biblioteca\u201d, seleccionar l&#8217;opci\u00f3 \u201cCertificats i t\u00edtols\u201d [&#8230;]<\/p>\n","protected":false},"author":25282,"featured_media":0,"parent":0,"menu_order":0,"comment_status":"closed","ping_status":"closed","template":"","meta":{"_links_to":"","_links_to_target":""},"_links":{"self":[{"href":"https:\/\/formacionpermanente.umh.es\/ca\/wp-json\/wp\/v2\/pages\/1870"}],"collection":[{"href":"https:\/\/formacionpermanente.umh.es\/ca\/wp-json\/wp\/v2\/pages"}],"about":[{"href":"https:\/\/formacionpermanente.umh.es\/ca\/wp-json\/wp\/v2\/types\/page"}],"author":[{"embeddable":true,"href":"https:\/\/formacionpermanente.umh.es\/ca\/wp-json\/wp\/v2\/users\/25282"}],"replies":[{"embeddable":true,"href":"https:\/\/formacionpermanente.umh.es\/ca\/wp-json\/wp\/v2\/comments?post=1870"}],"version-history":[{"count":0,"href":"https:\/\/formacionpermanente.umh.es\/ca\/wp-json\/wp\/v2\/pages\/1870\/revisions"}],"wp:attachment":[{"href":"https:\/\/formacionpermanente.umh.es\/ca\/wp-json\/wp\/v2\/media?parent=1870"}],"curies":[{"name":"wp","href":"https:\/\/api.w.org\/{rel}","templated":true}]}}