{"id":260,"date":"2023-03-16T13:42:13","date_gmt":"2023-03-16T12:42:13","guid":{"rendered":"https:\/\/estudiospropios.umh.es\/?page_id=260"},"modified":"2023-06-27T14:20:29","modified_gmt":"2023-06-27T12:20:29","slug":"solicitud-de-certificados-academicos","status":"publish","type":"page","link":"https:\/\/formacionpermanente.umh.es\/ca\/solicitud\/solicitud-de-certificados-academicos\/","title":{"rendered":"Sol\u00b7licitud de certificats acad\u00e8mics de notes"},"content":{"rendered":"<p>Des de la <a href=\"https:\/\/sede.umh.es\/ca\/procedimientos\/certificats-academics-destudis-propis\/\" target=\"_blank\" rel=\"noopener\">Seu Electr\u00f2nica de la UMH<\/a><a href=\"https:\/\/estudios.umh.es\/legalizacion-de-titulos-de-estudio-propios-de-la-umh\/\" target=\"_blank\" rel=\"noopener noreferrer\"><img src=\"https:\/\/estudios.umh.es\/files\/2021\/11\/abre-en-nueva-ventana.png\" alt=\"(abre en nueva ventana)\" \/><\/a> podr\u00e1s sol\u00b7licitar certificats acad\u00e8mics de notes dels Ensenyaments de Formaci\u00f3 Permanent de M\u00e0ster Propi o Especialista Universitari.<\/p>","protected":false},"excerpt":{"rendered":"<p>Des de la Seu Electr\u00f2nica de la UMH podr\u00e1s sol\u00b7licitar certificats acad\u00e8mics de notes dels Ensenyaments de Formaci\u00f3 Permanent de M\u00e0ster Propi o Especialista Universitari.<\/p>\n","protected":false},"author":9,"featured_media":0,"parent":27,"menu_order":4,"comment_status":"closed","ping_status":"closed","template":"","meta":{"_links_to":"","_links_to_target":""},"_links":{"self":[{"href":"https:\/\/formacionpermanente.umh.es\/ca\/wp-json\/wp\/v2\/pages\/260"}],"collection":[{"href":"https:\/\/formacionpermanente.umh.es\/ca\/wp-json\/wp\/v2\/pages"}],"about":[{"href":"https:\/\/formacionpermanente.umh.es\/ca\/wp-json\/wp\/v2\/types\/page"}],"author":[{"embeddable":true,"href":"https:\/\/formacionpermanente.umh.es\/ca\/wp-json\/wp\/v2\/users\/9"}],"replies":[{"embeddable":true,"href":"https:\/\/formacionpermanente.umh.es\/ca\/wp-json\/wp\/v2\/comments?post=260"}],"version-history":[{"count":0,"href":"https:\/\/formacionpermanente.umh.es\/ca\/wp-json\/wp\/v2\/pages\/260\/revisions"}],"up":[{"embeddable":true,"href":"https:\/\/formacionpermanente.umh.es\/ca\/wp-json\/wp\/v2\/pages\/27"}],"wp:attachment":[{"href":"https:\/\/formacionpermanente.umh.es\/ca\/wp-json\/wp\/v2\/media?parent=260"}],"curies":[{"name":"wp","href":"https:\/\/api.w.org\/{rel}","templated":true}]}}