{"id":284,"date":"2023-03-17T10:27:19","date_gmt":"2023-03-17T09:27:19","guid":{"rendered":"https:\/\/estudiospropios.umh.es\/?page_id=284"},"modified":"2026-01-09T12:34:20","modified_gmt":"2026-01-09T11:34:20","slug":"masterformacionpermanente","status":"publish","type":"page","link":"https:\/\/formacionpermanente.umh.es\/ca\/direccion\/solicitud\/masterformacionpermanente\/","title":{"rendered":"<span lang=\"es\">(Espa\u00f1ol) M\u00e1ster de Formaci\u00f3n Permanente<\/span>"},"content":{"rendered":"<p class=\"qtranxs-available-languages-message qtranxs-available-languages-message-ca\">Ho sentim, aquesta entrada es troba disponible \u00fanicament en <a href=\"https:\/\/formacionpermanente.umh.es\/es\/wp-json\/wp\/v2\/pages\/284\" class=\"qtranxs-available-language-link qtranxs-available-language-link-es\" title=\"Espa\u00f1ol\">Espanyol Europeu<\/a>.<\/p>","protected":false},"excerpt":{"rendered":"<p>Ho sentim, aquesta entrada es troba disponible \u00fanicament en Espanyol Europeu.<\/p>\n","protected":false},"author":9,"featured_media":0,"parent":104,"menu_order":1,"comment_status":"closed","ping_status":"closed","template":"","meta":{"_links_to":"","_links_to_target":""},"_links":{"self":[{"href":"https:\/\/formacionpermanente.umh.es\/ca\/wp-json\/wp\/v2\/pages\/284"}],"collection":[{"href":"https:\/\/formacionpermanente.umh.es\/ca\/wp-json\/wp\/v2\/pages"}],"about":[{"href":"https:\/\/formacionpermanente.umh.es\/ca\/wp-json\/wp\/v2\/types\/page"}],"author":[{"embeddable":true,"href":"https:\/\/formacionpermanente.umh.es\/ca\/wp-json\/wp\/v2\/users\/9"}],"replies":[{"embeddable":true,"href":"https:\/\/formacionpermanente.umh.es\/ca\/wp-json\/wp\/v2\/comments?post=284"}],"version-history":[{"count":0,"href":"https:\/\/formacionpermanente.umh.es\/ca\/wp-json\/wp\/v2\/pages\/284\/revisions"}],"up":[{"embeddable":true,"href":"https:\/\/formacionpermanente.umh.es\/ca\/wp-json\/wp\/v2\/pages\/104"}],"wp:attachment":[{"href":"https:\/\/formacionpermanente.umh.es\/ca\/wp-json\/wp\/v2\/media?parent=284"}],"curies":[{"name":"wp","href":"https:\/\/api.w.org\/{rel}","templated":true}]}}