{"id":92,"date":"2023-03-13T11:15:45","date_gmt":"2023-03-13T10:15:45","guid":{"rendered":"https:\/\/estudiospropios.umh.es\/?page_id=92"},"modified":"2024-06-27T11:16:07","modified_gmt":"2024-06-27T09:16:07","slug":"oferta","status":"publish","type":"page","link":"https:\/\/formacionpermanente.umh.es\/ca\/solicitud\/oferta\/","title":{"rendered":"Coneix l&#8217;oferta de formaci\u00f3 permanent"},"content":{"rendered":"<p>La UMH ofereix estudis de Formaci\u00f3 Permanent sobre m\u00faltiples tem\u00e0tiques, diferents duracions i metodologies d&#8217;ensenyaments.<\/p>\n<ul>\n<li>Ensenyaments que requerixen estar en possessi\u00f3 d&#8217;un t\u00edtol universitari oficial per a poder accedir a estes:\n<ul>\n<li><a href=\"https:\/\/www.umh.es\/contenido\/Estudios\/:Titulaciones_Propias\/datos_val.html?exhibit&amp;filter=~%24M%C3%A1ster%20de%20Formaci%C3%B3n%20Permanente%7Ctipo_fpo\" target=\"_blank\" rel=\"noopener\">M\u00e0ster de Formaci\u00f3 Permanent<\/a><a href=\"https:\/\/www.umh.es\/contenido\/Estudios\/:Titulaciones_Propias\/datos_es.html?exhibit&amp;filter=~%242023%20-%202024%7Ccaca%7C~%24M%C3%A1ster%20propio%7Ctipo_fpo\" target=\"_blank\" rel=\"noopener\"><img loading=\"lazy\" class=\"alignnone wp-image-31436 \" src=\"https:\/\/estudios.umh.es\/files\/2021\/11\/abre-en-nueva-ventana.png\" alt=\"(abre en nueva ventana)\" width=\"15\" height=\"15\" \/><\/a><\/li>\n<li><a href=\"https:\/\/www.umh.es\/contenido\/Estudios\/:Titulaciones_Propias\/datos_val.html?exhibit&amp;filter=~%24Especialista%20universitario%7Ctipo_fpo\" target=\"_blank\" rel=\"noopener\">Especialista Universitari<\/a><img loading=\"lazy\" class=\"alignnone wp-image-31436 \" src=\"https:\/\/estudios.umh.es\/files\/2021\/11\/abre-en-nueva-ventana.png\" alt=\"(abre en nueva ventana)\" width=\"15\" height=\"15\" \/><\/li>\n<li><a href=\"https:\/\/www.umh.es\/contenido\/Estudios\/:Titulaciones_Propias\/datos_val.html?exhibit&amp;filter=~%24Diploma%20De%20Especializaci%C3%B3n%7Ctipo_fpo\" target=\"_blank\" rel=\"noopener\">Diploma d&#8217;Especialitzaci\u00f3.<\/a><img src=\"https:\/\/estudios.umh.es\/files\/2021\/11\/abre-en-nueva-ventana.png\" alt=\"(abre en nueva ventana)\" \/><\/li>\n<li><a href=\"https:\/\/www.umh.es\/contenido\/Estudios\/:Titulaciones_Propias\/datos_val.html?exhibit&amp;filter=~%24Diploma%20De%20Experto%7Ctipo_fpo\" target=\"_blank\" rel=\"noopener\">Diploma d&#8217;Expert.<\/a><img src=\"https:\/\/estudios.umh.es\/files\/2021\/11\/abre-en-nueva-ventana.png\" alt=\"(abre en nueva ventana)\" \/><\/li>\n<\/ul>\n<\/li>\n<li>Ensenyaments que NO requerixen estar estar en possessi\u00f3 d&#8217;un t\u00edtol universitari oficial per a poder accedir a estes:\n<ul>\n<li><a href=\"https:\/\/www.umh.es\/contenido\/Estudios\/:Titulaciones_Propias\/datos_val.html?exhibit&amp;filter=~%24Certificado%20De%20Formaci%C3%B3n%20Permanente%7Ctipo_fpo\" target=\"_blank\" rel=\"noopener\">Certificat de Formaci\u00f3 Permanent<\/a><a href=\"https:\/\/www.umh.es\/contenido\/Estudios\/:Formacion_Continua\/datos_es.html?exhibit&amp;filter=~%242022%20-%202023%7Ccaca\" target=\"_blank\" rel=\"noopener\"><img loading=\"lazy\" class=\"alignnone wp-image-31436 size-full\" src=\"https:\/\/estudios.umh.es\/files\/2021\/11\/abre-en-nueva-ventana.png\" alt=\"(abre en nueva ventana)\" width=\"15\" height=\"15\" \/><\/a><\/li>\n<li><a href=\"https:\/\/www.umh.es\/contenido\/Estudios\/:Titulaciones_Propias\/datos_val.html?exhibit&amp;filter=~%24Microcredencial%20Universitaria%7Ctipo_fpo\" target=\"_blank\" rel=\"noopener\">Microcredencial Universit\u00e0ria.<\/a><img src=\"https:\/\/estudios.umh.es\/files\/2021\/11\/abre-en-nueva-ventana.png\" alt=\"(abre en nueva ventana)\" \/><\/li>\n<\/ul>\n<\/li>\n<\/ul>\n<p><\/p>","protected":false},"excerpt":{"rendered":"<p>La UMH ofereix estudis de Formaci\u00f3 Permanent sobre m\u00faltiples tem\u00e0tiques, diferents duracions i metodologies d&#8217;ensenyaments.<\/p>\n<p>Ensenyaments que requerixen estar en possessi\u00f3 d&#8217;un t\u00edtol universitari oficial per a poder accedir a estes:<\/p>\n<p>M\u00e0ster de Formaci\u00f3 Permanent<br \/>\nEspecialista Universitari<br \/>\nDiploma d&#8217;Especialitzaci\u00f3.<br \/>\nDiploma d&#8217;Expert.<\/p>\n<p>Ensenyaments que NO requerixen estar estar en possessi\u00f3 d&#8217;un t\u00edtol universitari oficial per a poder accedir a estes:<\/p>\n<p>Certificat de Formaci\u00f3 [&#8230;]<\/p>\n","protected":false},"author":21955,"featured_media":0,"parent":27,"menu_order":1,"comment_status":"closed","ping_status":"closed","template":"","meta":{"_links_to":"","_links_to_target":""},"_links":{"self":[{"href":"https:\/\/formacionpermanente.umh.es\/ca\/wp-json\/wp\/v2\/pages\/92"}],"collection":[{"href":"https:\/\/formacionpermanente.umh.es\/ca\/wp-json\/wp\/v2\/pages"}],"about":[{"href":"https:\/\/formacionpermanente.umh.es\/ca\/wp-json\/wp\/v2\/types\/page"}],"author":[{"embeddable":true,"href":"https:\/\/formacionpermanente.umh.es\/ca\/wp-json\/wp\/v2\/users\/21955"}],"replies":[{"embeddable":true,"href":"https:\/\/formacionpermanente.umh.es\/ca\/wp-json\/wp\/v2\/comments?post=92"}],"version-history":[{"count":0,"href":"https:\/\/formacionpermanente.umh.es\/ca\/wp-json\/wp\/v2\/pages\/92\/revisions"}],"up":[{"embeddable":true,"href":"https:\/\/formacionpermanente.umh.es\/ca\/wp-json\/wp\/v2\/pages\/27"}],"wp:attachment":[{"href":"https:\/\/formacionpermanente.umh.es\/ca\/wp-json\/wp\/v2\/media?parent=92"}],"curies":[{"name":"wp","href":"https:\/\/api.w.org\/{rel}","templated":true}]}}