{"id":98,"date":"2023-03-13T11:17:12","date_gmt":"2023-03-13T10:17:12","guid":{"rendered":"https:\/\/estudiospropios.umh.es\/?page_id=98"},"modified":"2024-05-06T12:13:03","modified_gmt":"2024-05-06T10:13:03","slug":"expedicion-de-titulos-propios","status":"publish","type":"page","link":"https:\/\/formacionpermanente.umh.es\/ca\/solicitud\/expedicion-de-titulos-propios\/","title":{"rendered":"Informaci\u00f3 sobre l&#8217;expedici\u00f3 de t\u00edtols o diplomes"},"content":{"rendered":"<p><\/p>\n<div align=\"center\">\n<h3 style=\"text-align: left\">Informaci\u00f3 sobre l&#8217;expedici\u00f3 dels t\u00edtols de M\u00e0ster Propi i Especialista Universitari i duplicats dels t\u00edtols expedits.<\/h3>\n<\/div>\n<ul style=\"text-align: left\">\n<li><a href=\"https:\/\/estudios.umh.es\/ca\/procedimiento-de-solicitud-de-expedicion-de-titulo-propio\/\" target=\"_blank\" rel=\"noopener noreferrer\">Sol\u00b7licitud d&#8217;expedici\u00f3.<\/a><img src=\"https:\/\/estudios.umh.es\/files\/2021\/11\/abre-en-nueva-ventana.png\" alt=\"(abre en nueva ventana)\" \/><\/li>\n<li><a href=\"https:\/\/estudios.umh.es\/ca\/retirada-del-titulo-propio\/\" target=\"_blank\" rel=\"noopener noreferrer\">Recollida del t\u00edtol.<img src=\"https:\/\/estudios.umh.es\/files\/2021\/11\/abre-en-nueva-ventana.png\" alt=\"(abre en nueva ventana)\" \/><\/a><\/li>\n<li><a href=\"https:\/\/estudios.umh.es\/ca\/solicitud-de-duplicado\/\" target=\"_blank\" rel=\"noopener noreferrer\">Sol\u00b7licitud de duplicat.<img src=\"https:\/\/estudios.umh.es\/files\/2021\/11\/abre-en-nueva-ventana.png\" alt=\"(abre en nueva ventana)\" \/><\/a><\/li>\n<li><a href=\"https:\/\/estudios.umh.es\/ca\/tasas\/\" target=\"_blank\" rel=\"noopener noreferrer\">Taxes d&#8217;expedici\u00f3.<img src=\"https:\/\/estudios.umh.es\/files\/2021\/11\/abre-en-nueva-ventana.png\" alt=\"(abre en nueva ventana)\" \/><\/a><\/li>\n<li><a href=\"https:\/\/estudios.umh.es\/ca\/legalizacion-de-titulos-de-estudio-propios-de-la-umh\/\" target=\"_blank\" rel=\"noopener noreferrer\">Procediment de legalitzaci\u00f3.<img src=\"https:\/\/estudios.umh.es\/files\/2021\/11\/abre-en-nueva-ventana.png\" alt=\"(abre en nueva ventana)\" \/><\/a><\/li>\n<\/ul>\n<h3><\/h3>\n<h3 style=\"text-align: left\">Informaci\u00f3 sobre l&#8217;expedici\u00f3 de diplomes de Nanom\u00e0ster, Curs de Perfeccionament, Especialitzaci\u00f3 Professional, Certificat de Formaci\u00f3 Permanent o Microcredencial Universit\u00e0ria.<\/h3>\n<p style=\"text-align: left\"><a href=\"https:\/\/estudios.umh.es\/ca\/expedicion-titulos\/expedicion-titulos-oficiales\/diplomas-cursos-de-perfeccionamiento-y-especializacion-profesional\/\" target=\"_blank\" rel=\"noopener\">Consulta tot el referent a l&#8217;emissi\u00f3 dels diplomes d&#8217;aquests cursos.<img src=\"https:\/\/estudios.umh.es\/files\/2021\/11\/abre-en-nueva-ventana.png\" alt=\"(abre en nueva ventana)\" \/><\/a><\/p>\n<p><\/p>","protected":false},"excerpt":{"rendered":"<p>Informaci\u00f3 sobre l&#8217;expedici\u00f3 dels t\u00edtols de M\u00e0ster Propi i Especialista Universitari i duplicats dels t\u00edtols expedits.<\/p>\n<p>Sol\u00b7licitud d&#8217;expedici\u00f3.<br \/>\nRecollida del t\u00edtol.<br \/>\nSol\u00b7licitud de duplicat.<br \/>\nTaxes d&#8217;expedici\u00f3.<br \/>\nProcediment de legalitzaci\u00f3.<\/p>\n<p>Informaci\u00f3 sobre l&#8217;expedici\u00f3 de diplomes de Nanom\u00e0ster, Curs de Perfeccionament, Especialitzaci\u00f3 Professional, Certificat de Formaci\u00f3 Permanent o Microcredencial Universit\u00e0ria.<br \/>\nConsulta tot el referent a l&#8217;emissi\u00f3 dels diplomes d&#8217;aquests cursos.<\/p>\n","protected":false},"author":21955,"featured_media":0,"parent":27,"menu_order":3,"comment_status":"closed","ping_status":"closed","template":"","meta":{"_links_to":"","_links_to_target":""},"_links":{"self":[{"href":"https:\/\/formacionpermanente.umh.es\/ca\/wp-json\/wp\/v2\/pages\/98"}],"collection":[{"href":"https:\/\/formacionpermanente.umh.es\/ca\/wp-json\/wp\/v2\/pages"}],"about":[{"href":"https:\/\/formacionpermanente.umh.es\/ca\/wp-json\/wp\/v2\/types\/page"}],"author":[{"embeddable":true,"href":"https:\/\/formacionpermanente.umh.es\/ca\/wp-json\/wp\/v2\/users\/21955"}],"replies":[{"embeddable":true,"href":"https:\/\/formacionpermanente.umh.es\/ca\/wp-json\/wp\/v2\/comments?post=98"}],"version-history":[{"count":0,"href":"https:\/\/formacionpermanente.umh.es\/ca\/wp-json\/wp\/v2\/pages\/98\/revisions"}],"up":[{"embeddable":true,"href":"https:\/\/formacionpermanente.umh.es\/ca\/wp-json\/wp\/v2\/pages\/27"}],"wp:attachment":[{"href":"https:\/\/formacionpermanente.umh.es\/ca\/wp-json\/wp\/v2\/media?parent=98"}],"curies":[{"name":"wp","href":"https:\/\/api.w.org\/{rel}","templated":true}]}}