{"id":104,"date":"2023-03-13T11:18:57","date_gmt":"2023-03-13T10:18:57","guid":{"rendered":"https:\/\/estudiospropios.umh.es\/?page_id=104"},"modified":"2024-03-11T10:42:04","modified_gmt":"2024-03-11T09:42:04","slug":"solicitud","status":"publish","type":"page","link":"https:\/\/formacionpermanente.umh.es\/en\/direccion\/solicitud\/","title":{"rendered":"<span lang=\"es\">(Espa\u00f1ol) Solicitar la implantaci\u00f3n de Ense\u00f1anzas de Formaci\u00f3n Permanente<\/span>"},"content":{"rendered":"<p class=\"qtranxs-available-languages-message qtranxs-available-languages-message-en\">Sorry, this entry is only available in <a href=\"https:\/\/formacionpermanente.umh.es\/es\/wp-json\/wp\/v2\/pages\/104\" class=\"qtranxs-available-language-link qtranxs-available-language-link-es\" title=\"Espa\u00f1ol\">European Spanish<\/a>.<\/p>","protected":false},"excerpt":{"rendered":"<p>Sorry, this entry is only available in European Spanish.<\/p>\n","protected":false},"author":21955,"featured_media":0,"parent":30,"menu_order":2,"comment_status":"closed","ping_status":"closed","template":"","meta":{"_links_to":"","_links_to_target":""},"_links":{"self":[{"href":"https:\/\/formacionpermanente.umh.es\/en\/wp-json\/wp\/v2\/pages\/104"}],"collection":[{"href":"https:\/\/formacionpermanente.umh.es\/en\/wp-json\/wp\/v2\/pages"}],"about":[{"href":"https:\/\/formacionpermanente.umh.es\/en\/wp-json\/wp\/v2\/types\/page"}],"author":[{"embeddable":true,"href":"https:\/\/formacionpermanente.umh.es\/en\/wp-json\/wp\/v2\/users\/21955"}],"replies":[{"embeddable":true,"href":"https:\/\/formacionpermanente.umh.es\/en\/wp-json\/wp\/v2\/comments?post=104"}],"version-history":[{"count":0,"href":"https:\/\/formacionpermanente.umh.es\/en\/wp-json\/wp\/v2\/pages\/104\/revisions"}],"up":[{"embeddable":true,"href":"https:\/\/formacionpermanente.umh.es\/en\/wp-json\/wp\/v2\/pages\/30"}],"wp:attachment":[{"href":"https:\/\/formacionpermanente.umh.es\/en\/wp-json\/wp\/v2\/media?parent=104"}],"curies":[{"name":"wp","href":"https:\/\/api.w.org\/{rel}","templated":true}]}}