{"id":1751,"date":"2025-05-27T11:55:25","date_gmt":"2025-05-27T09:55:25","guid":{"rendered":"https:\/\/formacionpermanente.umh.es\/?page_id=1751"},"modified":"2026-04-15T11:28:26","modified_gmt":"2026-04-15T09:28:26","slug":"gestion-economica-plan-microcreds","status":"publish","type":"page","link":"https:\/\/formacionpermanente.umh.es\/en\/plan-microcreds\/gestion-economica-plan-microcreds\/","title":{"rendered":"<span lang=\"es\">(Espa\u00f1ol) Gesti\u00f3n econ\u00f3mica Plan Microcreds<\/span>"},"content":{"rendered":"<p class=\"qtranxs-available-languages-message qtranxs-available-languages-message-en\">Sorry, this entry is only available in <a href=\"https:\/\/formacionpermanente.umh.es\/es\/wp-json\/wp\/v2\/pages\/1751\" class=\"qtranxs-available-language-link qtranxs-available-language-link-es\" title=\"Espa\u00f1ol\">European Spanish<\/a>.<\/p>","protected":false},"excerpt":{"rendered":"<p>Sorry, this entry is only available in European Spanish.<\/p>\n","protected":false},"author":21955,"featured_media":0,"parent":1385,"menu_order":4,"comment_status":"closed","ping_status":"closed","template":"","meta":{"_links_to":"","_links_to_target":""},"_links":{"self":[{"href":"https:\/\/formacionpermanente.umh.es\/en\/wp-json\/wp\/v2\/pages\/1751"}],"collection":[{"href":"https:\/\/formacionpermanente.umh.es\/en\/wp-json\/wp\/v2\/pages"}],"about":[{"href":"https:\/\/formacionpermanente.umh.es\/en\/wp-json\/wp\/v2\/types\/page"}],"author":[{"embeddable":true,"href":"https:\/\/formacionpermanente.umh.es\/en\/wp-json\/wp\/v2\/users\/21955"}],"replies":[{"embeddable":true,"href":"https:\/\/formacionpermanente.umh.es\/en\/wp-json\/wp\/v2\/comments?post=1751"}],"version-history":[{"count":0,"href":"https:\/\/formacionpermanente.umh.es\/en\/wp-json\/wp\/v2\/pages\/1751\/revisions"}],"up":[{"embeddable":true,"href":"https:\/\/formacionpermanente.umh.es\/en\/wp-json\/wp\/v2\/pages\/1385"}],"wp:attachment":[{"href":"https:\/\/formacionpermanente.umh.es\/en\/wp-json\/wp\/v2\/media?parent=1751"}],"curies":[{"name":"wp","href":"https:\/\/api.w.org\/{rel}","templated":true}]}}