{"id":278,"date":"2023-03-17T09:48:32","date_gmt":"2023-03-17T08:48:32","guid":{"rendered":"https:\/\/estudiospropios.umh.es\/?page_id=278"},"modified":"2025-12-22T12:26:35","modified_gmt":"2025-12-22T11:26:35","slug":"gestion-economica","status":"publish","type":"page","link":"https:\/\/formacionpermanente.umh.es\/en\/direccion\/gestion\/gestion-economica\/","title":{"rendered":"<span lang=\"es\">(Espa\u00f1ol) Gesti\u00f3n econ\u00f3mica<\/span>"},"content":{"rendered":"<p class=\"qtranxs-available-languages-message qtranxs-available-languages-message-en\">Sorry, this entry is only available in <a href=\"https:\/\/formacionpermanente.umh.es\/es\/wp-json\/wp\/v2\/pages\/278\" class=\"qtranxs-available-language-link qtranxs-available-language-link-es\" title=\"Espa\u00f1ol\">European Spanish<\/a>.<\/p>","protected":false},"excerpt":{"rendered":"<p>Sorry, this entry is only available in European Spanish.<\/p>\n","protected":false},"author":9,"featured_media":0,"parent":107,"menu_order":2,"comment_status":"closed","ping_status":"closed","template":"","meta":{"_links_to":"","_links_to_target":""},"_links":{"self":[{"href":"https:\/\/formacionpermanente.umh.es\/en\/wp-json\/wp\/v2\/pages\/278"}],"collection":[{"href":"https:\/\/formacionpermanente.umh.es\/en\/wp-json\/wp\/v2\/pages"}],"about":[{"href":"https:\/\/formacionpermanente.umh.es\/en\/wp-json\/wp\/v2\/types\/page"}],"author":[{"embeddable":true,"href":"https:\/\/formacionpermanente.umh.es\/en\/wp-json\/wp\/v2\/users\/9"}],"replies":[{"embeddable":true,"href":"https:\/\/formacionpermanente.umh.es\/en\/wp-json\/wp\/v2\/comments?post=278"}],"version-history":[{"count":0,"href":"https:\/\/formacionpermanente.umh.es\/en\/wp-json\/wp\/v2\/pages\/278\/revisions"}],"up":[{"embeddable":true,"href":"https:\/\/formacionpermanente.umh.es\/en\/wp-json\/wp\/v2\/pages\/107"}],"wp:attachment":[{"href":"https:\/\/formacionpermanente.umh.es\/en\/wp-json\/wp\/v2\/media?parent=278"}],"curies":[{"name":"wp","href":"https:\/\/api.w.org\/{rel}","templated":true}]}}